{"id":322,"date":"2024-09-17T18:34:31","date_gmt":"2024-09-17T16:34:31","guid":{"rendered":"https:\/\/lesjardinsducoiron.fr\/?post_type=product&#038;p=322"},"modified":"2025-07-22T22:20:53","modified_gmt":"2025-07-22T20:20:53","slug":"baume-piqures-dinsectes-60-ml","status":"publish","type":"product","link":"https:\/\/lesjardinsducoiron.fr\/?product=baume-piqures-dinsectes-60-ml","title":{"rendered":"BAUME DEMANGEAISONS"},"content":{"rendered":"<p>Notre plantain est issu de l&#8217;agriculture biologique et cultiv\u00e9 chez nous en Ard\u00e8che, mac\u00e9r\u00e9 dans l&#8217;huile de Colza.<\/p>\n<p>Profitez des vertus calmantes et apaisantes de la menthe poivr\u00e9e et de la lavande vraie afin d&#8217;apaiser vos sensations de d\u00e9mangeaison.<\/p>\n<ul>\n<li><strong>100 % naturel &amp; bio<\/strong><\/li>\n<li><strong>Composition courte &amp; simple<\/strong><\/li>\n<li><strong>Produit sain pour votre peau &amp; l&#8217;environnement<\/strong><\/li>\n<li><strong>Emballage recyclable &amp; compostable<\/strong><\/li>\n<li><strong>Cultiv\u00e9 &amp; transform\u00e9 en Ard\u00e8che<\/strong><\/li>\n<\/ul>\n","protected":false},"excerpt":{"rendered":"<p>60 g pour une dur\u00e9e d&#8217;utilisation quotidienne de 3 mois.<\/p>\n<p>Notre<strong> mac\u00e9r\u00e2t de plantain<\/strong> a \u00e9t\u00e9 formul\u00e9 pour apporter un effet apaisant \u00e0 tous les types de peau m\u00eame les plus sensibles.<\/p>\n<p>Un rem\u00e8de efficace contre les piq\u00fbres qui apaisent toutes sortes de d\u00e9mangeaisons.<\/p>\n<p><strong>Parfum naturel &amp; bio :<\/strong> Lavande vraie &amp; Menthe poivr\u00e9e.<\/p>\n","protected":false},"featured_media":721,"comment_status":"open","ping_status":"closed","template":"","meta":{"_monsterinsights_skip_tracking":false,"_monsterinsights_sitenote_active":false,"_monsterinsights_sitenote_note":"","_monsterinsights_sitenote_category":0},"product_cat":[21,24],"product_tag":[],"aioseo_notices":[],"_links":{"self":[{"href":"https:\/\/lesjardinsducoiron.fr\/index.php?rest_route=\/wp\/v2\/product\/322"}],"collection":[{"href":"https:\/\/lesjardinsducoiron.fr\/index.php?rest_route=\/wp\/v2\/product"}],"about":[{"href":"https:\/\/lesjardinsducoiron.fr\/index.php?rest_route=\/wp\/v2\/types\/product"}],"replies":[{"embeddable":true,"href":"https:\/\/lesjardinsducoiron.fr\/index.php?rest_route=%2Fwp%2Fv2%2Fcomments&post=322"}],"wp:featuredmedia":[{"embeddable":true,"href":"https:\/\/lesjardinsducoiron.fr\/index.php?rest_route=\/wp\/v2\/media\/721"}],"wp:attachment":[{"href":"https:\/\/lesjardinsducoiron.fr\/index.php?rest_route=%2Fwp%2Fv2%2Fmedia&parent=322"}],"wp:term":[{"taxonomy":"product_cat","embeddable":true,"href":"https:\/\/lesjardinsducoiron.fr\/index.php?rest_route=%2Fwp%2Fv2%2Fproduct_cat&post=322"},{"taxonomy":"product_tag","embeddable":true,"href":"https:\/\/lesjardinsducoiron.fr\/index.php?rest_route=%2Fwp%2Fv2%2Fproduct_tag&post=322"}],"curies":[{"name":"wp","href":"https:\/\/api.w.org\/{rel}","templated":true}]}}