{"id":323,"date":"2024-09-17T18:39:03","date_gmt":"2024-09-17T16:39:03","guid":{"rendered":"https:\/\/lesjardinsducoiron.fr\/?post_type=product&#038;p=323"},"modified":"2025-07-22T22:15:42","modified_gmt":"2025-07-22T20:15:42","slug":"baume-bobos","status":"publish","type":"product","link":"https:\/\/lesjardinsducoiron.fr\/?product=baume-bobos","title":{"rendered":"BAUME REPARATEUR"},"content":{"rendered":"<p>Le mac\u00e9rat d\u2019immortelle est reconnu pour sa capacit\u00e9 \u00e0 lutter <strong>contre les effets du vieillissement de la peau.<\/strong><\/p>\n<p>Un v\u00e9ritable soin visage et corps, apaisant et cicatrisant pour att\u00e9nuer <strong>les bleus, les cicatrices et les br\u00fblures.<\/strong><\/p>\n<ul>\n<li><strong>100 % naturel &amp; bio<\/strong><\/li>\n<li><strong>Composition courte &amp; simple<\/strong><\/li>\n<li><strong>Produit sain pour votre peau &amp; l\u2019environnement<\/strong><\/li>\n<li><strong>Emballage recyclable &amp; compostable<\/strong><\/li>\n<li><b>Cultiv\u00e9 &amp; transform\u00e9 en Ard\u00e8che<\/b><\/li>\n<\/ul>\n","protected":false},"excerpt":{"rendered":"<p>60 g pour une dur\u00e9e d\u2019utilisation quotidienne de 3 mois.<\/p>\n<p>Notre baume \u00e0 la <strong>fleur d&#8217;Immortelle<\/strong> est multi-usage pour les bienfaits de la peau.<\/p>\n<p>Gr\u00e2ce \u00e0 notre pr\u00e9cieuse mac\u00e9ration de fleurs d&#8217;Immortelle dans l&#8217;huile de tournesol bio et locale, notre baume att\u00e9nu les signes de l&#8217;\u00e2ge, apaise et nourri les irritations cutan\u00e9es.<\/p>\n","protected":false},"featured_media":718,"comment_status":"open","ping_status":"closed","template":"","meta":{"_monsterinsights_skip_tracking":false,"_monsterinsights_sitenote_active":false,"_monsterinsights_sitenote_note":"","_monsterinsights_sitenote_category":0},"product_cat":[21,24],"product_tag":[],"aioseo_notices":[],"_links":{"self":[{"href":"https:\/\/lesjardinsducoiron.fr\/index.php?rest_route=\/wp\/v2\/product\/323"}],"collection":[{"href":"https:\/\/lesjardinsducoiron.fr\/index.php?rest_route=\/wp\/v2\/product"}],"about":[{"href":"https:\/\/lesjardinsducoiron.fr\/index.php?rest_route=\/wp\/v2\/types\/product"}],"replies":[{"embeddable":true,"href":"https:\/\/lesjardinsducoiron.fr\/index.php?rest_route=%2Fwp%2Fv2%2Fcomments&post=323"}],"wp:featuredmedia":[{"embeddable":true,"href":"https:\/\/lesjardinsducoiron.fr\/index.php?rest_route=\/wp\/v2\/media\/718"}],"wp:attachment":[{"href":"https:\/\/lesjardinsducoiron.fr\/index.php?rest_route=%2Fwp%2Fv2%2Fmedia&parent=323"}],"wp:term":[{"taxonomy":"product_cat","embeddable":true,"href":"https:\/\/lesjardinsducoiron.fr\/index.php?rest_route=%2Fwp%2Fv2%2Fproduct_cat&post=323"},{"taxonomy":"product_tag","embeddable":true,"href":"https:\/\/lesjardinsducoiron.fr\/index.php?rest_route=%2Fwp%2Fv2%2Fproduct_tag&post=323"}],"curies":[{"name":"wp","href":"https:\/\/api.w.org\/{rel}","templated":true}]}}