{"id":325,"date":"2024-09-17T18:44:40","date_gmt":"2024-09-17T16:44:40","guid":{"rendered":"https:\/\/lesjardinsducoiron.fr\/?post_type=product&#038;p=325"},"modified":"2025-08-18T14:51:37","modified_gmt":"2025-08-18T12:51:37","slug":"baume-anti-moustique","status":"publish","type":"product","link":"https:\/\/lesjardinsducoiron.fr\/?product=baume-anti-moustique","title":{"rendered":"BAUME REPULSIF"},"content":{"rendered":"<p>Notre baume \u00e0 la douce odeur citronn\u00e9e vous prot\u00e8ge efficacement des moustiques.<\/p>\n<p>Nous avons s\u00e9lectionn\u00e9 l&#8217;huile essentielle d&#8217;<strong>Eucalyptus citronn\u00e9<\/strong> car elle est la seule \u00e0 pr\u00e9senter quatre actifs accept\u00e9s et consid\u00e9r\u00e9s comme biocide contre les moustiques.<\/p>\n<ul>\n<li><strong>100 % naturel &amp; bio<\/strong><\/li>\n<li><strong>Composition courte &amp; simple<\/strong><\/li>\n<li><strong>Produit sain pour votre peau &amp; l\u2019environnement<\/strong><\/li>\n<li><strong>Emballage recyclable &amp; compostable<\/strong><\/li>\n<li><b>Cultiv\u00e9 &amp; transform\u00e9 en Ard\u00e8che<\/b><\/li>\n<\/ul>\n","protected":false},"excerpt":{"rendered":"<p>60 g pour une dur\u00e9e d&#8217;utilisation quotidienne de 3 mois.<\/p>\n<p><strong>Notre r\u00e9pulsif<\/strong> repousse efficacement <strong>les moustiques<\/strong>, tout en prenant soin de votre peau.<\/p>\n<p>Notre baume vous offre 4 heures de protection contre <strong>les moustiques et leurs piq\u00fbres.\u00a0<\/strong><\/p>\n<p><strong>Parfum naturel &amp; bio :<\/strong> Eucalyptus Citronn\u00e9<\/p>\n","protected":false},"featured_media":741,"comment_status":"open","ping_status":"closed","template":"","meta":{"_monsterinsights_skip_tracking":false,"_monsterinsights_sitenote_active":false,"_monsterinsights_sitenote_note":"","_monsterinsights_sitenote_category":0},"product_cat":[21,24],"product_tag":[],"aioseo_notices":[],"_links":{"self":[{"href":"https:\/\/lesjardinsducoiron.fr\/index.php?rest_route=\/wp\/v2\/product\/325"}],"collection":[{"href":"https:\/\/lesjardinsducoiron.fr\/index.php?rest_route=\/wp\/v2\/product"}],"about":[{"href":"https:\/\/lesjardinsducoiron.fr\/index.php?rest_route=\/wp\/v2\/types\/product"}],"replies":[{"embeddable":true,"href":"https:\/\/lesjardinsducoiron.fr\/index.php?rest_route=%2Fwp%2Fv2%2Fcomments&post=325"}],"wp:featuredmedia":[{"embeddable":true,"href":"https:\/\/lesjardinsducoiron.fr\/index.php?rest_route=\/wp\/v2\/media\/741"}],"wp:attachment":[{"href":"https:\/\/lesjardinsducoiron.fr\/index.php?rest_route=%2Fwp%2Fv2%2Fmedia&parent=325"}],"wp:term":[{"taxonomy":"product_cat","embeddable":true,"href":"https:\/\/lesjardinsducoiron.fr\/index.php?rest_route=%2Fwp%2Fv2%2Fproduct_cat&post=325"},{"taxonomy":"product_tag","embeddable":true,"href":"https:\/\/lesjardinsducoiron.fr\/index.php?rest_route=%2Fwp%2Fv2%2Fproduct_tag&post=325"}],"curies":[{"name":"wp","href":"https:\/\/api.w.org\/{rel}","templated":true}]}}