{"id":326,"date":"2024-09-17T18:58:39","date_gmt":"2024-09-17T16:58:39","guid":{"rendered":"https:\/\/lesjardinsducoiron.fr\/?post_type=product&#038;p=326"},"modified":"2026-02-11T15:41:43","modified_gmt":"2026-02-11T14:41:43","slug":"baume-a-levres-neutre","status":"publish","type":"product","link":"https:\/\/lesjardinsducoiron.fr\/?product=baume-a-levres-neutre","title":{"rendered":"BAUME A LEVRES SANS PARFUM"},"content":{"rendered":"<p><strong>Notre baume \u00e0 l\u00e8vres hydratant<\/strong>, vous pr\u00e9muni contre le froid et dess\u00e8chement.<\/p>\n<p>Une composition simple et naturel, sans parfum, il convient \u00e0 toute la famille, m\u00eame aux plus jeunes.<\/p>\n<ul>\n<li><strong>100 % naturel &amp; bio<\/strong><\/li>\n<li><strong>Composition courte &amp; simple<\/strong><\/li>\n<li><strong>Produit sain pour votre peau &amp; l\u2019environnement<\/strong><\/li>\n<li><strong>Emballage recyclable &amp; compostable<\/strong><\/li>\n<li><b>Cultiv\u00e9 &amp; transform\u00e9 en Ard\u00e8che<\/b><\/li>\n<\/ul>\n","protected":false},"excerpt":{"rendered":"<p>10 g pour une utilisation quotidienne de 6 mois.<\/p>\n<p>Notre baume r\u00e9pare et apaise les l\u00e8vres ab\u00eem\u00e9es gr\u00e2ce au <strong>mac\u00e9r\u00e2t de Calendula<\/strong> qui nourrit et prot\u00e8ge des ger\u00e7ures, crevasses ou dess\u00e8chement.<\/p>\n<p>Notre emballage est biod\u00e9gradable et compostable.<\/p>\n","protected":false},"featured_media":717,"comment_status":"open","ping_status":"closed","template":"","meta":{"_monsterinsights_skip_tracking":false,"_monsterinsights_sitenote_active":false,"_monsterinsights_sitenote_note":"","_monsterinsights_sitenote_category":0},"product_cat":[23,24],"product_tag":[],"aioseo_notices":[],"_links":{"self":[{"href":"https:\/\/lesjardinsducoiron.fr\/index.php?rest_route=\/wp\/v2\/product\/326"}],"collection":[{"href":"https:\/\/lesjardinsducoiron.fr\/index.php?rest_route=\/wp\/v2\/product"}],"about":[{"href":"https:\/\/lesjardinsducoiron.fr\/index.php?rest_route=\/wp\/v2\/types\/product"}],"replies":[{"embeddable":true,"href":"https:\/\/lesjardinsducoiron.fr\/index.php?rest_route=%2Fwp%2Fv2%2Fcomments&post=326"}],"wp:featuredmedia":[{"embeddable":true,"href":"https:\/\/lesjardinsducoiron.fr\/index.php?rest_route=\/wp\/v2\/media\/717"}],"wp:attachment":[{"href":"https:\/\/lesjardinsducoiron.fr\/index.php?rest_route=%2Fwp%2Fv2%2Fmedia&parent=326"}],"wp:term":[{"taxonomy":"product_cat","embeddable":true,"href":"https:\/\/lesjardinsducoiron.fr\/index.php?rest_route=%2Fwp%2Fv2%2Fproduct_cat&post=326"},{"taxonomy":"product_tag","embeddable":true,"href":"https:\/\/lesjardinsducoiron.fr\/index.php?rest_route=%2Fwp%2Fv2%2Fproduct_tag&post=326"}],"curies":[{"name":"wp","href":"https:\/\/api.w.org\/{rel}","templated":true}]}}