{"id":330,"date":"2024-09-17T19:10:47","date_gmt":"2024-09-17T17:10:47","guid":{"rendered":"https:\/\/lesjardinsducoiron.fr\/?post_type=product&#038;p=330"},"modified":"2025-07-22T22:36:25","modified_gmt":"2025-07-22T20:36:25","slug":"liniment-demaquillant-soin-bebe","status":"publish","type":"product","link":"https:\/\/lesjardinsducoiron.fr\/?product=liniment-demaquillant-soin-bebe","title":{"rendered":"LINIMENT DEMAQUILLANT &#038; SOIN BEBE"},"content":{"rendered":"<p><span style=\"font-weight: 400;\">Sa formule \u00e0 base d&#8217;eau de chaux et d&#8217;huile d&#8217;olive bio le rend id\u00e9al pour le<\/span><b> change de b\u00e9b\u00e9<\/b> et \u00e9viter le dess\u00e8chement des mamelons des <b>mamans allaitantes.<\/b><\/p>\n<p><span style=\"font-weight: 400;\">Notre liniment s&#8217;utilise \u00e9galement en <\/span><b>lait d\u00e9maquillant,<\/b>\u00a0il<span style=\"font-weight: 400;\">\u00a0permet un d\u00e9maquillage en douceur, notamment si vous avez le contour des yeux fragiles.<\/span><\/p>\n<ul>\n<li><strong>100 % naturel &amp; bio<\/strong><\/li>\n<li><strong>Composition courte &amp; simple<\/strong><\/li>\n<li><strong>Produit sain pour votre peau &amp; l\u2019environnement<\/strong><\/li>\n<li><strong>Emballage recyclable &amp; compostable<\/strong><\/li>\n<li><strong>Cultiv\u00e9 &amp; transform\u00e9 en Ard\u00e8che<\/strong><\/li>\n<\/ul>\n","protected":false},"excerpt":{"rendered":"<p><strong>100 ml<\/strong> pour une utilisation quotidienne de <strong>6 mois.<\/strong><\/p>\n<p>Notre liniment est le produit <strong>multi-fonction id\u00e9al<\/strong>, il convient \u00e0 tous les types de peaux, pour nourrir et prot\u00e9ger en profondeur.<\/p>\n<p><span style=\"font-weight: 400;\">Sa texture onctueuse en fait \u00e9galement un super\u00a0<\/span><b>lait corporel !<\/b><\/p>\n","protected":false},"featured_media":727,"comment_status":"open","ping_status":"closed","template":"","meta":{"_monsterinsights_skip_tracking":false,"_monsterinsights_sitenote_active":false,"_monsterinsights_sitenote_note":"","_monsterinsights_sitenote_category":0},"product_cat":[23,24],"product_tag":[],"aioseo_notices":[],"_links":{"self":[{"href":"https:\/\/lesjardinsducoiron.fr\/index.php?rest_route=\/wp\/v2\/product\/330"}],"collection":[{"href":"https:\/\/lesjardinsducoiron.fr\/index.php?rest_route=\/wp\/v2\/product"}],"about":[{"href":"https:\/\/lesjardinsducoiron.fr\/index.php?rest_route=\/wp\/v2\/types\/product"}],"replies":[{"embeddable":true,"href":"https:\/\/lesjardinsducoiron.fr\/index.php?rest_route=%2Fwp%2Fv2%2Fcomments&post=330"}],"wp:featuredmedia":[{"embeddable":true,"href":"https:\/\/lesjardinsducoiron.fr\/index.php?rest_route=\/wp\/v2\/media\/727"}],"wp:attachment":[{"href":"https:\/\/lesjardinsducoiron.fr\/index.php?rest_route=%2Fwp%2Fv2%2Fmedia&parent=330"}],"wp:term":[{"taxonomy":"product_cat","embeddable":true,"href":"https:\/\/lesjardinsducoiron.fr\/index.php?rest_route=%2Fwp%2Fv2%2Fproduct_cat&post=330"},{"taxonomy":"product_tag","embeddable":true,"href":"https:\/\/lesjardinsducoiron.fr\/index.php?rest_route=%2Fwp%2Fv2%2Fproduct_tag&post=330"}],"curies":[{"name":"wp","href":"https:\/\/api.w.org\/{rel}","templated":true}]}}