{"id":331,"date":"2024-09-17T19:16:51","date_gmt":"2024-09-17T17:16:51","guid":{"rendered":"https:\/\/lesjardinsducoiron.fr\/?post_type=product&#038;p=331"},"modified":"2026-04-11T08:06:24","modified_gmt":"2026-04-11T06:06:24","slug":"deodorant-parfum-agrume","status":"publish","type":"product","link":"https:\/\/lesjardinsducoiron.fr\/?product=deodorant-parfum-agrume","title":{"rendered":"DEODORANT PARFUM AGRUME"},"content":{"rendered":"<p>Notre d\u00e9odorant est compos\u00e9 de <strong>deux actifs<\/strong> reconnus pour aider \u00e0 r\u00e9guler la transpiration sans l&#8217;a bloquer, l&#8217;<strong>huile de Nigelle de Damas <\/strong>et l&#8217;huile essentielle de <strong>Lits\u00e9e Citronn\u00e9e.<\/strong><\/p>\n<p>Une simple application en faisant bien faire p\u00e9n\u00e9trer notre produit sur la peau, suffira pour une protection efficace toute la journ\u00e9e.<\/p>\n<ul>\n<li><strong>100 % naturels&amp; bio<\/strong><\/li>\n<li><strong>Composition courte &amp; simple<\/strong><\/li>\n<li><strong>Produit sain pour votre peau &amp; l\u2019environnement<\/strong><\/li>\n<li><strong>Emballage recyclable &amp; compostable<\/strong><\/li>\n<li><strong>Cultiv\u00e9 &amp; transform\u00e9 en Ard\u00e8che<\/strong><\/li>\n<\/ul>\n","protected":false},"excerpt":{"rendered":"<p><strong>100 ml<\/strong> pour une utilisation de<strong> 10 mois.<\/strong><\/p>\n<p>Notre d\u00e9odorant solide d\u2019origine naturelle, <strong>r\u00e9gule la transpiration et limite les odeurs<\/strong>.<\/p>\n<p>Il vous laissera une douce odeur d\u2019agrume pour toute la journ\u00e9e.<\/p>\n<p><strong>Parfum naturel &amp; bio :<\/strong> Lits\u00e9e citronn\u00e9e<\/p>\n","protected":false},"featured_media":742,"comment_status":"open","ping_status":"closed","template":"","meta":{"_monsterinsights_skip_tracking":false,"_monsterinsights_sitenote_active":false,"_monsterinsights_sitenote_note":"","_monsterinsights_sitenote_category":0},"product_cat":[22,24],"product_tag":[],"aioseo_notices":[],"_links":{"self":[{"href":"https:\/\/lesjardinsducoiron.fr\/index.php?rest_route=\/wp\/v2\/product\/331"}],"collection":[{"href":"https:\/\/lesjardinsducoiron.fr\/index.php?rest_route=\/wp\/v2\/product"}],"about":[{"href":"https:\/\/lesjardinsducoiron.fr\/index.php?rest_route=\/wp\/v2\/types\/product"}],"replies":[{"embeddable":true,"href":"https:\/\/lesjardinsducoiron.fr\/index.php?rest_route=%2Fwp%2Fv2%2Fcomments&post=331"}],"wp:featuredmedia":[{"embeddable":true,"href":"https:\/\/lesjardinsducoiron.fr\/index.php?rest_route=\/wp\/v2\/media\/742"}],"wp:attachment":[{"href":"https:\/\/lesjardinsducoiron.fr\/index.php?rest_route=%2Fwp%2Fv2%2Fmedia&parent=331"}],"wp:term":[{"taxonomy":"product_cat","embeddable":true,"href":"https:\/\/lesjardinsducoiron.fr\/index.php?rest_route=%2Fwp%2Fv2%2Fproduct_cat&post=331"},{"taxonomy":"product_tag","embeddable":true,"href":"https:\/\/lesjardinsducoiron.fr\/index.php?rest_route=%2Fwp%2Fv2%2Fproduct_tag&post=331"}],"curies":[{"name":"wp","href":"https:\/\/api.w.org\/{rel}","templated":true}]}}