{"id":332,"date":"2024-09-17T19:22:44","date_gmt":"2024-09-17T17:22:44","guid":{"rendered":"https:\/\/lesjardinsducoiron.fr\/?post_type=product&#038;p=332"},"modified":"2026-04-04T22:04:55","modified_gmt":"2026-04-04T20:04:55","slug":"deodorant-parfum-floral","status":"publish","type":"product","link":"https:\/\/lesjardinsducoiron.fr\/?product=deodorant-parfum-floral","title":{"rendered":"DEODORANT FLORAL"},"content":{"rendered":"<p>Notre d\u00e9odorant est compos\u00e9 de\u00a0<strong>deux actifs<\/strong> reconnus pour aider \u00e0 r\u00e9guler la transpiration sans la bloquer gr\u00e2ce \u00e0 nos huiles de <strong>Sauge Officinale et Sauge Sclar\u00e9e<\/strong><strong>.<\/strong><\/p>\n<p>Une noisette du produit \u00e0 masser sous l&#8217;aisselle, suffira pour une protection efficace toute la journ\u00e9e.<\/p>\n<ul>\n<li><strong>100 % naturel &amp; bio<\/strong><\/li>\n<li><strong>Composition courte &amp; simple<\/strong><\/li>\n<li><strong>Produit sain pour votre peau &amp; l\u2019environnement<\/strong><\/li>\n<li><strong>Emballage recyclable &amp; compostable<\/strong><\/li>\n<li><b>Cultiv\u00e9 &amp; transform\u00e9 en Ard\u00e8che<\/b><\/li>\n<\/ul>\n","protected":false},"excerpt":{"rendered":"<p><strong>100 ml<\/strong> pour une utilisation de 10 mois.<\/p>\n<p>Notre cr\u00e8me d\u00e9odorante d\u2019origine naturelle <strong>r\u00e9gule la transpiration et limite les odeurs<\/strong>.<\/p>\n<p>Il vous laissera un doux parfum floral tout au long de la journ\u00e9e.<\/p>\n<p><strong>Parfum naturel &amp; bio :<\/strong> G\u00e9ranium Rosat<\/p>\n","protected":false},"featured_media":743,"comment_status":"open","ping_status":"closed","template":"","meta":{"_monsterinsights_skip_tracking":false,"_monsterinsights_sitenote_active":false,"_monsterinsights_sitenote_note":"","_monsterinsights_sitenote_category":0},"product_cat":[22,24],"product_tag":[],"aioseo_notices":[],"_links":{"self":[{"href":"https:\/\/lesjardinsducoiron.fr\/index.php?rest_route=\/wp\/v2\/product\/332"}],"collection":[{"href":"https:\/\/lesjardinsducoiron.fr\/index.php?rest_route=\/wp\/v2\/product"}],"about":[{"href":"https:\/\/lesjardinsducoiron.fr\/index.php?rest_route=\/wp\/v2\/types\/product"}],"replies":[{"embeddable":true,"href":"https:\/\/lesjardinsducoiron.fr\/index.php?rest_route=%2Fwp%2Fv2%2Fcomments&post=332"}],"wp:featuredmedia":[{"embeddable":true,"href":"https:\/\/lesjardinsducoiron.fr\/index.php?rest_route=\/wp\/v2\/media\/743"}],"wp:attachment":[{"href":"https:\/\/lesjardinsducoiron.fr\/index.php?rest_route=%2Fwp%2Fv2%2Fmedia&parent=332"}],"wp:term":[{"taxonomy":"product_cat","embeddable":true,"href":"https:\/\/lesjardinsducoiron.fr\/index.php?rest_route=%2Fwp%2Fv2%2Fproduct_cat&post=332"},{"taxonomy":"product_tag","embeddable":true,"href":"https:\/\/lesjardinsducoiron.fr\/index.php?rest_route=%2Fwp%2Fv2%2Fproduct_tag&post=332"}],"curies":[{"name":"wp","href":"https:\/\/api.w.org\/{rel}","templated":true}]}}