{"id":333,"date":"2024-09-17T19:27:06","date_gmt":"2024-09-17T17:27:06","guid":{"rendered":"https:\/\/lesjardinsducoiron.fr\/?post_type=product&#038;p=333"},"modified":"2026-04-04T22:04:55","modified_gmt":"2026-04-04T20:04:55","slug":"huile-douleurs-musculaires","status":"publish","type":"product","link":"https:\/\/lesjardinsducoiron.fr\/?product=huile-douleurs-musculaires","title":{"rendered":"HUILE DOULEURS MUSCULAIRES"},"content":{"rendered":"<p>Soulage <strong>les tensions musculaires<\/strong>, une huile apaisante et d\u00e9contractante.<\/p>\n<p>Les <strong>propri\u00e9t\u00e9s anti-inflammatoires<\/strong>\u00a0des plantes s\u00e9lectionn\u00e9es et l&#8217;huile essentielle de <strong>Gaulth\u00e9rie Odorante<\/strong> en font un rem\u00e8de naturel et efficace pour r\u00e9duire les raideurs et favoriser la mobilit\u00e9.<\/p>\n<ul>\n<li><strong>100 % naturel &amp; bio<\/strong><\/li>\n<li><strong>Composition courte &amp; simple<\/strong><\/li>\n<li><strong>Produit sain pour votre peau &amp; l\u2019environnement<\/strong><\/li>\n<li><strong>Emballage recyclable &amp; compostable<\/strong><\/li>\n<li><strong>Cultiv\u00e9 &amp; transform\u00e9 en Ard\u00e8che<\/strong><\/li>\n<\/ul>\n","protected":false},"excerpt":{"rendered":"<p><strong>50 ml<\/strong> pour <strong>6 mois<\/strong> d&#8217;utilisation quotidienne.<\/p>\n<p>Notre huile de soin vous apportera un\u00a0soulagement et un confort<strong> musculaire et articulaire<\/strong>.<\/p>\n<p>Formul\u00e9e \u00e0 base d&#8217;une synergie de mac\u00e9rations de plusieurs plantes et d&#8217;huiles essentielles qui <strong>favorisent le rel\u00e2chement musculaire et diminuent les inflammations.\u00a0<\/strong><\/p>\n<p>&nbsp;<\/p>\n","protected":false},"featured_media":726,"comment_status":"open","ping_status":"closed","template":"","meta":{"_monsterinsights_skip_tracking":false,"_monsterinsights_sitenote_active":false,"_monsterinsights_sitenote_note":"","_monsterinsights_sitenote_category":0},"product_cat":[21,24],"product_tag":[],"aioseo_notices":[],"_links":{"self":[{"href":"https:\/\/lesjardinsducoiron.fr\/index.php?rest_route=\/wp\/v2\/product\/333"}],"collection":[{"href":"https:\/\/lesjardinsducoiron.fr\/index.php?rest_route=\/wp\/v2\/product"}],"about":[{"href":"https:\/\/lesjardinsducoiron.fr\/index.php?rest_route=\/wp\/v2\/types\/product"}],"replies":[{"embeddable":true,"href":"https:\/\/lesjardinsducoiron.fr\/index.php?rest_route=%2Fwp%2Fv2%2Fcomments&post=333"}],"wp:featuredmedia":[{"embeddable":true,"href":"https:\/\/lesjardinsducoiron.fr\/index.php?rest_route=\/wp\/v2\/media\/726"}],"wp:attachment":[{"href":"https:\/\/lesjardinsducoiron.fr\/index.php?rest_route=%2Fwp%2Fv2%2Fmedia&parent=333"}],"wp:term":[{"taxonomy":"product_cat","embeddable":true,"href":"https:\/\/lesjardinsducoiron.fr\/index.php?rest_route=%2Fwp%2Fv2%2Fproduct_cat&post=333"},{"taxonomy":"product_tag","embeddable":true,"href":"https:\/\/lesjardinsducoiron.fr\/index.php?rest_route=%2Fwp%2Fv2%2Fproduct_tag&post=333"}],"curies":[{"name":"wp","href":"https:\/\/api.w.org\/{rel}","templated":true}]}}