{"id":334,"date":"2024-09-17T19:29:52","date_gmt":"2024-09-17T17:29:52","guid":{"rendered":"https:\/\/lesjardinsducoiron.fr\/?post_type=product&#038;p=334"},"modified":"2025-07-22T22:33:01","modified_gmt":"2025-07-22T20:33:01","slug":"huile-soin-de-la-femme","status":"publish","type":"product","link":"https:\/\/lesjardinsducoiron.fr\/?product=huile-soin-de-la-femme","title":{"rendered":"HUILE SOIN DE LA FEMME"},"content":{"rendered":"<p>En massage sur le bas du ventre,<b> notre synergie de mac\u00e9rats huileux de Sauge Officinale et Sclar\u00e9e<\/b> sera efficace sur les douleurs des r\u00e8gles\u00a0ou encore sur les bouff\u00e9es de chaleur de la m\u00e9nopause.<\/p>\n<p>L&#8217;huile essentielle de <strong>Sauge Sclar\u00e9e<\/strong> est reconnue pour son action positive sur l&#8217;\u00e9quilibre hormonal f\u00e9minin.<\/p>\n<ul>\n<li><strong>100 % naturel &amp; bio<\/strong><\/li>\n<li><strong>Composition courte &amp; simple<\/strong><\/li>\n<li><strong>Produit sain pour votre peau &amp; l\u2019environnement<\/strong><\/li>\n<li><strong>Emballage recyclable &amp; compostable<\/strong><\/li>\n<li><strong>Cultiv\u00e9 &amp; transform\u00e9 en Ard\u00e8che<\/strong><\/li>\n<\/ul>\n<p>&nbsp;<\/p>\n","protected":false},"excerpt":{"rendered":"<p><strong>50 ml<\/strong> pour une dur\u00e9e d&#8217;utilisation de <strong>6 mois<\/strong>.<\/p>\n<p>Cette huile f\u00e9minine est une solution naturelle et efficace pour apaiser <strong>vos douleurs de r\u00e8gles<\/strong> d\u00e9rangeantes (voire incapacitantes\u2026).<\/p>\n<p>Enrichi d&#8217;huiles essentielles d\u2019<strong>Estragon et de Sauge Sclar\u00e9e<\/strong>, choisi pour leurs effets antispasmodiques et r\u00e9\u00e9quilibrant hormonal.<\/p>\n","protected":false},"featured_media":725,"comment_status":"open","ping_status":"closed","template":"","meta":{"_monsterinsights_skip_tracking":false,"_monsterinsights_sitenote_active":false,"_monsterinsights_sitenote_note":"","_monsterinsights_sitenote_category":0},"product_cat":[21,24],"product_tag":[],"aioseo_notices":[],"_links":{"self":[{"href":"https:\/\/lesjardinsducoiron.fr\/index.php?rest_route=\/wp\/v2\/product\/334"}],"collection":[{"href":"https:\/\/lesjardinsducoiron.fr\/index.php?rest_route=\/wp\/v2\/product"}],"about":[{"href":"https:\/\/lesjardinsducoiron.fr\/index.php?rest_route=\/wp\/v2\/types\/product"}],"replies":[{"embeddable":true,"href":"https:\/\/lesjardinsducoiron.fr\/index.php?rest_route=%2Fwp%2Fv2%2Fcomments&post=334"}],"wp:featuredmedia":[{"embeddable":true,"href":"https:\/\/lesjardinsducoiron.fr\/index.php?rest_route=\/wp\/v2\/media\/725"}],"wp:attachment":[{"href":"https:\/\/lesjardinsducoiron.fr\/index.php?rest_route=%2Fwp%2Fv2%2Fmedia&parent=334"}],"wp:term":[{"taxonomy":"product_cat","embeddable":true,"href":"https:\/\/lesjardinsducoiron.fr\/index.php?rest_route=%2Fwp%2Fv2%2Fproduct_cat&post=334"},{"taxonomy":"product_tag","embeddable":true,"href":"https:\/\/lesjardinsducoiron.fr\/index.php?rest_route=%2Fwp%2Fv2%2Fproduct_tag&post=334"}],"curies":[{"name":"wp","href":"https:\/\/api.w.org\/{rel}","templated":true}]}}