{"id":337,"date":"2024-09-17T19:48:55","date_gmt":"2024-09-17T17:48:55","guid":{"rendered":"https:\/\/lesjardinsducoiron.fr\/?post_type=product&#038;p=337"},"modified":"2026-04-04T22:04:55","modified_gmt":"2026-04-04T20:04:55","slug":"huile-regenerante-50-ml","status":"publish","type":"product","link":"https:\/\/lesjardinsducoiron.fr\/?product=huile-regenerante-50-ml","title":{"rendered":"HUILE REGENERANTE"},"content":{"rendered":"<p>Id\u00e9al pour les peaux ternes et fatigu\u00e9es,<strong> le mac\u00e9r\u00e2t de Sureau <\/strong>\u00e9claircit le teint et le rend attrayant.<\/p>\n<p>Source de jeunesse et de vitalit\u00e9<strong>, l\u2019huile \u00e0 la Rose musqu\u00e9e\u00a0 et Cynorhodon<\/strong>, \u00e9vite le rel\u00e2chement de la peau du visage.<\/p>\n<p>Extr\u00eamement riche en Vitamine E, , <strong>le mac\u00e9r\u00e2t d\u2019Immortelle<\/strong> est un antioxydant naturel pour un effet anti-\u00e2ge recherch\u00e9.<\/p>\n<ul>\n<li><strong>100 % naturel &amp; bio<\/strong><\/li>\n<li><strong>Composition courte &amp; simple<\/strong><\/li>\n<li><strong>Produit sain pour votre peau &amp; l\u2019environnement<\/strong><\/li>\n<li><strong>Emballage recyclable &amp; compostable<\/strong><\/li>\n<li><strong>Cultiv\u00e9 &amp; transform\u00e9 en Ard\u00e8che<\/strong><\/li>\n<\/ul>\n","protected":false},"excerpt":{"rendered":"<p><strong>50 ml<\/strong> pour une dur\u00e9e d\u2019environ de<strong> 6 mois.<\/strong><\/p>\n<p>Notre huile r\u00e9g\u00e9n\u00e9rante est une synergie de plusieurs plantes s\u00e9lectionn\u00e9es afin de <strong>pr\u00e9venir le vieillissement pr\u00e9coce de la peau.<\/strong><\/p>\n<p>Notre synergie d&#8217;huiles de soin raffermi et r\u00e9g\u00e9n\u00e8re les peaux matures.<\/p>\n","protected":false},"featured_media":724,"comment_status":"open","ping_status":"closed","template":"","meta":{"_monsterinsights_skip_tracking":false,"_monsterinsights_sitenote_active":false,"_monsterinsights_sitenote_note":"","_monsterinsights_sitenote_category":0},"product_cat":[23,24],"product_tag":[],"aioseo_notices":[],"_links":{"self":[{"href":"https:\/\/lesjardinsducoiron.fr\/index.php?rest_route=\/wp\/v2\/product\/337"}],"collection":[{"href":"https:\/\/lesjardinsducoiron.fr\/index.php?rest_route=\/wp\/v2\/product"}],"about":[{"href":"https:\/\/lesjardinsducoiron.fr\/index.php?rest_route=\/wp\/v2\/types\/product"}],"replies":[{"embeddable":true,"href":"https:\/\/lesjardinsducoiron.fr\/index.php?rest_route=%2Fwp%2Fv2%2Fcomments&post=337"}],"wp:featuredmedia":[{"embeddable":true,"href":"https:\/\/lesjardinsducoiron.fr\/index.php?rest_route=\/wp\/v2\/media\/724"}],"wp:attachment":[{"href":"https:\/\/lesjardinsducoiron.fr\/index.php?rest_route=%2Fwp%2Fv2%2Fmedia&parent=337"}],"wp:term":[{"taxonomy":"product_cat","embeddable":true,"href":"https:\/\/lesjardinsducoiron.fr\/index.php?rest_route=%2Fwp%2Fv2%2Fproduct_cat&post=337"},{"taxonomy":"product_tag","embeddable":true,"href":"https:\/\/lesjardinsducoiron.fr\/index.php?rest_route=%2Fwp%2Fv2%2Fproduct_tag&post=337"}],"curies":[{"name":"wp","href":"https:\/\/api.w.org\/{rel}","templated":true}]}}