{"id":549,"date":"2024-11-21T17:51:23","date_gmt":"2024-11-21T16:51:23","guid":{"rendered":"https:\/\/lesjardinsducoiron.fr\/?post_type=product&#038;p=549"},"modified":"2026-03-03T11:00:58","modified_gmt":"2026-03-03T10:00:58","slug":"shampoing-solide","status":"publish","type":"product","link":"https:\/\/lesjardinsducoiron.fr\/?product=shampoing-solide","title":{"rendered":"SHAMPOING SOLIDE"},"content":{"rendered":"<p><strong>Notre shampoing solide <\/strong>nettoie vos cheveux en douceur pour les rendre l\u00e9gers et brillants.<\/p>\n<p>Notre poudre d&#8217;ortie r\u00e9gule la production de s\u00e9bum, ce qui aide \u00e0 maintenir l&#8217;\u00e9quilibre naturel de votre cuir chevelu.<\/p>\n<ul>\n<li><strong>100 % naturel &amp; bio<\/strong><\/li>\n<li><strong>Composition courte &amp; simple<\/strong><\/li>\n<li><strong>Produit sain pour votre peau &amp; l\u2019environnement<\/strong><\/li>\n<li><strong>Emballage recyclable &amp; compostable<\/strong><\/li>\n<li><strong>Cultiv\u00e9 &amp; transform\u00e9 en Ard\u00e8che<\/strong><\/li>\n<\/ul>\n","protected":false},"excerpt":{"rendered":"<p><strong>75 g<\/strong> = 2 bouteilles de shampoing de 250 ml<\/p>\n<p>Notre shampoing solide au <strong>mac\u00e9r\u00e2t de Romarin<\/strong> est nourrissant mais aussi tonifiant. Il fortifiera vos cheveux.<\/p>\n<p>Une formule moussante qui permet d&#8217;\u00e9liminer les pellicules gr\u00e2ce aux pouvoirs de la poudre d&#8217;ortie.<\/p>\n<p><strong>Parfum naturel &amp; bio :<\/strong> Ylang Ylang<\/p>\n","protected":false},"featured_media":740,"comment_status":"open","ping_status":"closed","template":"","meta":{"_monsterinsights_skip_tracking":false,"_monsterinsights_sitenote_active":false,"_monsterinsights_sitenote_note":"","_monsterinsights_sitenote_category":0},"product_cat":[22,24],"product_tag":[],"aioseo_notices":[],"_links":{"self":[{"href":"https:\/\/lesjardinsducoiron.fr\/index.php?rest_route=\/wp\/v2\/product\/549"}],"collection":[{"href":"https:\/\/lesjardinsducoiron.fr\/index.php?rest_route=\/wp\/v2\/product"}],"about":[{"href":"https:\/\/lesjardinsducoiron.fr\/index.php?rest_route=\/wp\/v2\/types\/product"}],"replies":[{"embeddable":true,"href":"https:\/\/lesjardinsducoiron.fr\/index.php?rest_route=%2Fwp%2Fv2%2Fcomments&post=549"}],"wp:featuredmedia":[{"embeddable":true,"href":"https:\/\/lesjardinsducoiron.fr\/index.php?rest_route=\/wp\/v2\/media\/740"}],"wp:attachment":[{"href":"https:\/\/lesjardinsducoiron.fr\/index.php?rest_route=%2Fwp%2Fv2%2Fmedia&parent=549"}],"wp:term":[{"taxonomy":"product_cat","embeddable":true,"href":"https:\/\/lesjardinsducoiron.fr\/index.php?rest_route=%2Fwp%2Fv2%2Fproduct_cat&post=549"},{"taxonomy":"product_tag","embeddable":true,"href":"https:\/\/lesjardinsducoiron.fr\/index.php?rest_route=%2Fwp%2Fv2%2Fproduct_tag&post=549"}],"curies":[{"name":"wp","href":"https:\/\/api.w.org\/{rel}","templated":true}]}}