{"id":550,"date":"2024-11-21T18:22:48","date_gmt":"2024-11-21T17:22:48","guid":{"rendered":"https:\/\/lesjardinsducoiron.fr\/?post_type=product&#038;p=550"},"modified":"2025-09-02T17:13:22","modified_gmt":"2025-09-02T15:13:22","slug":"apres-shampoing-solide","status":"publish","type":"product","link":"https:\/\/lesjardinsducoiron.fr\/?product=apres-shampoing-solide","title":{"rendered":"APRES-SHAMPOING SOLIDE"},"content":{"rendered":"<p>Une formule simple et naturel sans silicone ou autres ingr\u00e9dients controvers\u00e9s.<\/p>\n<p><strong>Notre apr\u00e8s-shampoing<\/strong> \u00e0 base de beurre de karit\u00e9 et de vinaigre de cidre facilite le d\u00e9m\u00ealage et rend vos cheveux brillants.<\/p>\n<ul>\n<li><strong>100 % naturel &amp; bio<\/strong><\/li>\n<li><strong>Composition courte &amp; simple<\/strong><\/li>\n<li><strong>Produit sain pour votre peau &amp; l\u2019environnement<\/strong><\/li>\n<li><strong>Emballage recyclable &amp; compostable<\/strong><\/li>\n<li><strong>Cultiv\u00e9 &amp; transform\u00e9 en Ard\u00e8che<\/strong><\/li>\n<\/ul>\n","protected":false},"excerpt":{"rendered":"<p><strong>50 g<\/strong> pour une utilisation quotidienne de <strong>4 mois.<\/strong><\/p>\n<p>Un apr\u00e8s-shampoing solide au <strong>mac\u00e9r\u00e2t de chanvre<\/strong>, sa valeur nutritionnelle permet de lisser et faire briller les cheveux.<\/p>\n<p>Il d\u00e9m\u00eale efficacement tous types de cheveux, abim\u00e9s, fins ou secs, voire tr\u00e8s secs.<\/p>\n<p><strong>Parfum naturel &amp; bio :<\/strong> Ylang Ylang<\/p>\n","protected":false},"featured_media":714,"comment_status":"open","ping_status":"closed","template":"","meta":{"_monsterinsights_skip_tracking":false,"_monsterinsights_sitenote_active":false,"_monsterinsights_sitenote_note":"","_monsterinsights_sitenote_category":0},"product_cat":[22,24],"product_tag":[],"aioseo_notices":[],"_links":{"self":[{"href":"https:\/\/lesjardinsducoiron.fr\/index.php?rest_route=\/wp\/v2\/product\/550"}],"collection":[{"href":"https:\/\/lesjardinsducoiron.fr\/index.php?rest_route=\/wp\/v2\/product"}],"about":[{"href":"https:\/\/lesjardinsducoiron.fr\/index.php?rest_route=\/wp\/v2\/types\/product"}],"replies":[{"embeddable":true,"href":"https:\/\/lesjardinsducoiron.fr\/index.php?rest_route=%2Fwp%2Fv2%2Fcomments&post=550"}],"wp:featuredmedia":[{"embeddable":true,"href":"https:\/\/lesjardinsducoiron.fr\/index.php?rest_route=\/wp\/v2\/media\/714"}],"wp:attachment":[{"href":"https:\/\/lesjardinsducoiron.fr\/index.php?rest_route=%2Fwp%2Fv2%2Fmedia&parent=550"}],"wp:term":[{"taxonomy":"product_cat","embeddable":true,"href":"https:\/\/lesjardinsducoiron.fr\/index.php?rest_route=%2Fwp%2Fv2%2Fproduct_cat&post=550"},{"taxonomy":"product_tag","embeddable":true,"href":"https:\/\/lesjardinsducoiron.fr\/index.php?rest_route=%2Fwp%2Fv2%2Fproduct_tag&post=550"}],"curies":[{"name":"wp","href":"https:\/\/api.w.org\/{rel}","templated":true}]}}