{"id":551,"date":"2024-11-21T18:48:51","date_gmt":"2024-11-21T17:48:51","guid":{"rendered":"https:\/\/lesjardinsducoiron.fr\/?post_type=product&#038;p=551"},"modified":"2025-08-05T21:55:17","modified_gmt":"2025-08-05T19:55:17","slug":"pain-de-rasage","status":"publish","type":"product","link":"https:\/\/lesjardinsducoiron.fr\/?product=pain-de-rasage","title":{"rendered":"PAIN DE RASAGE"},"content":{"rendered":"<p>La poudre de fleur de guimauve prot\u00e8ge et\u00a0<strong>r\u00e9pare la peau agress\u00e9e\u00a0<\/strong>par le rasoir.<\/p>\n<p>Association du beurre de karit\u00e9 et de l&#8217;huile de tournesol nourrissent et <strong>apaisent l\u2019\u00e9piderme.<\/strong><\/p>\n<ul>\n<li><strong>100 % naturel &amp; bio<\/strong><\/li>\n<li><strong>Composition courte &amp; simple<\/strong><\/li>\n<li><strong>Produit sain pour votre peau &amp; l\u2019environnement<\/strong><\/li>\n<li><strong>Emballage recyclable &amp; compostable<\/strong><\/li>\n<li><strong>Cultiv\u00e9 &amp; transform\u00e9 en Ard\u00e8che<\/strong><\/li>\n<\/ul>\n","protected":false},"excerpt":{"rendered":"<p><strong>35 g<\/strong> pour une utilisation quotidienne de <strong>3 mois.<\/strong><\/p>\n<p><strong>Notre pain de rasage<\/strong> s&#8217;adapte \u00e0 tous types de peaux, pour un effet hydratant et apaisant.<\/p>\n<p>Activez la mousse onctueuse, au contact de l&#8217;eau, en effectuant des mouvements circulaires avec un blaireau ou directement sur le visage.<\/p>\n<p><strong>Parfum naturel &amp; bio :<\/strong> Lavande Vraie<\/p>\n","protected":false},"featured_media":720,"comment_status":"open","ping_status":"closed","template":"","meta":{"_monsterinsights_skip_tracking":false,"_monsterinsights_sitenote_active":false,"_monsterinsights_sitenote_note":"","_monsterinsights_sitenote_category":0},"product_cat":[23,24],"product_tag":[],"aioseo_notices":[],"_links":{"self":[{"href":"https:\/\/lesjardinsducoiron.fr\/index.php?rest_route=\/wp\/v2\/product\/551"}],"collection":[{"href":"https:\/\/lesjardinsducoiron.fr\/index.php?rest_route=\/wp\/v2\/product"}],"about":[{"href":"https:\/\/lesjardinsducoiron.fr\/index.php?rest_route=\/wp\/v2\/types\/product"}],"replies":[{"embeddable":true,"href":"https:\/\/lesjardinsducoiron.fr\/index.php?rest_route=%2Fwp%2Fv2%2Fcomments&post=551"}],"wp:featuredmedia":[{"embeddable":true,"href":"https:\/\/lesjardinsducoiron.fr\/index.php?rest_route=\/wp\/v2\/media\/720"}],"wp:attachment":[{"href":"https:\/\/lesjardinsducoiron.fr\/index.php?rest_route=%2Fwp%2Fv2%2Fmedia&parent=551"}],"wp:term":[{"taxonomy":"product_cat","embeddable":true,"href":"https:\/\/lesjardinsducoiron.fr\/index.php?rest_route=%2Fwp%2Fv2%2Fproduct_cat&post=551"},{"taxonomy":"product_tag","embeddable":true,"href":"https:\/\/lesjardinsducoiron.fr\/index.php?rest_route=%2Fwp%2Fv2%2Fproduct_tag&post=551"}],"curies":[{"name":"wp","href":"https:\/\/api.w.org\/{rel}","templated":true}]}}