{"id":552,"date":"2024-11-21T19:08:22","date_gmt":"2024-11-21T18:08:22","guid":{"rendered":"https:\/\/lesjardinsducoiron.fr\/?post_type=product&#038;p=552"},"modified":"2025-07-29T14:18:14","modified_gmt":"2025-07-29T12:18:14","slug":"savon-solide-chataigne-miel","status":"publish","type":"product","link":"https:\/\/lesjardinsducoiron.fr\/?product=savon-solide-chataigne-miel","title":{"rendered":"SAVON SOLIDE CHATAIGNE &#038; MIEL"},"content":{"rendered":"<p>Un savon tr\u00e8s doux au fort pouvoir <strong>antiseptique et remin\u00e9ralisant <\/strong>gr\u00e2ce \u00e0 la saponification \u00e0 froid qui permet la conservation des propri\u00e9t\u00e9s .<\/p>\n<p>L&#8217;association de farine de ch\u00e2taigne et de miel, <strong>hydrate, apaise et prot\u00e8ge<\/strong> la peau.<\/p>\n<ul>\n<li><strong>100 % naturel &amp; bio<\/strong><\/li>\n<li><strong>Composition courte &amp; simple<\/strong><\/li>\n<li><strong>Produit sain pour votre peau &amp; l\u2019environnement<\/strong><\/li>\n<li><strong>Emballage recyclable &amp; compostable<\/strong><\/li>\n<li><strong>Cultiv\u00e9 &amp; transform\u00e9 en Ard\u00e8che<\/strong><\/li>\n<\/ul>\n","protected":false},"excerpt":{"rendered":"<p><strong>100g<\/strong><\/p>\n<p>Savon artisanal surgras et saponifi\u00e9 \u00e0 froid \u00e0 la <strong>farine et miel de ch\u00e2taigne d&#8217;Ard\u00e8che.\u00a0<\/strong><\/p>\n<p>Un alli\u00e9 incontournable au doux parfum chaud et sucr\u00e9 pour un voyage en for\u00eat \u00e0 ne pas manquer !<\/p>\n<p><strong>Parfum naturel &amp; bio :<\/strong> Orange douce<\/p>\n","protected":false},"featured_media":715,"comment_status":"open","ping_status":"closed","template":"","meta":{"_monsterinsights_skip_tracking":false,"_monsterinsights_sitenote_active":false,"_monsterinsights_sitenote_note":"","_monsterinsights_sitenote_category":0},"product_cat":[22,24],"product_tag":[],"aioseo_notices":[],"_links":{"self":[{"href":"https:\/\/lesjardinsducoiron.fr\/index.php?rest_route=\/wp\/v2\/product\/552"}],"collection":[{"href":"https:\/\/lesjardinsducoiron.fr\/index.php?rest_route=\/wp\/v2\/product"}],"about":[{"href":"https:\/\/lesjardinsducoiron.fr\/index.php?rest_route=\/wp\/v2\/types\/product"}],"replies":[{"embeddable":true,"href":"https:\/\/lesjardinsducoiron.fr\/index.php?rest_route=%2Fwp%2Fv2%2Fcomments&post=552"}],"wp:featuredmedia":[{"embeddable":true,"href":"https:\/\/lesjardinsducoiron.fr\/index.php?rest_route=\/wp\/v2\/media\/715"}],"wp:attachment":[{"href":"https:\/\/lesjardinsducoiron.fr\/index.php?rest_route=%2Fwp%2Fv2%2Fmedia&parent=552"}],"wp:term":[{"taxonomy":"product_cat","embeddable":true,"href":"https:\/\/lesjardinsducoiron.fr\/index.php?rest_route=%2Fwp%2Fv2%2Fproduct_cat&post=552"},{"taxonomy":"product_tag","embeddable":true,"href":"https:\/\/lesjardinsducoiron.fr\/index.php?rest_route=%2Fwp%2Fv2%2Fproduct_tag&post=552"}],"curies":[{"name":"wp","href":"https:\/\/api.w.org\/{rel}","templated":true}]}}