{"id":553,"date":"2024-11-21T19:35:33","date_gmt":"2024-11-21T18:35:33","guid":{"rendered":"https:\/\/lesjardinsducoiron.fr\/?post_type=product&#038;p=553"},"modified":"2025-11-11T17:20:26","modified_gmt":"2025-11-11T16:20:26","slug":"savon-solide-laurier-noble","status":"publish","type":"product","link":"https:\/\/lesjardinsducoiron.fr\/?product=savon-solide-laurier-noble","title":{"rendered":"SAVON SOLIDE LAURIER NOBLE"},"content":{"rendered":"<p>Ce savon solide est adapt\u00e9 \u00e0 tous les types de peaux, m\u00eame les plus sensibles. Il est &#8220;le&#8221; <strong>savon du quotidien<\/strong> pour toute la famille.<\/p>\n<p>Nettoie la peau sans l\u2019agresser, la nourrit gr\u00e2ce aux propri\u00e9t\u00e9s de l\u2019huile d\u2019olive et la purifie gr\u00e2ce aux feuilles et baies de laurier noble.<\/p>\n<ul>\n<li><strong>100 % naturel &amp; bio<\/strong><\/li>\n<li><strong>Composition courte &amp; simple<\/strong><\/li>\n<li><strong>Produit sain pour votre peau &amp; l\u2019environnement<\/strong><\/li>\n<li><strong>Emballage recyclable &amp; compostable<\/strong><\/li>\n<li><strong>Cultiv\u00e9 &amp; transform\u00e9 en Ard\u00e8che<\/strong><\/li>\n<\/ul>\n","protected":false},"excerpt":{"rendered":"<p><strong>100 g &amp; 130 g<\/strong><\/p>\n<p>Notre savon, saponifi\u00e9 \u00e0 froid, enrichi en mac\u00e9rations huileuses de <strong>feuilles et baies de Laurier Noble.\u00a0 <\/strong><\/p>\n<p>Leurs propri\u00e9t\u00e9s purifiantes et apaisantes connues pour les peaux grasses ou atopiques (acn\u00e9, psoriasis, ecz\u00e9ma).<\/p>\n<p><strong>Parfum naturel &amp; bio :<\/strong> Laurier Noble<\/p>\n","protected":false},"featured_media":745,"comment_status":"open","ping_status":"closed","template":"","meta":{"_monsterinsights_skip_tracking":false,"_monsterinsights_sitenote_active":false,"_monsterinsights_sitenote_note":"","_monsterinsights_sitenote_category":0},"product_cat":[22,24],"product_tag":[],"aioseo_notices":[],"_links":{"self":[{"href":"https:\/\/lesjardinsducoiron.fr\/index.php?rest_route=\/wp\/v2\/product\/553"}],"collection":[{"href":"https:\/\/lesjardinsducoiron.fr\/index.php?rest_route=\/wp\/v2\/product"}],"about":[{"href":"https:\/\/lesjardinsducoiron.fr\/index.php?rest_route=\/wp\/v2\/types\/product"}],"replies":[{"embeddable":true,"href":"https:\/\/lesjardinsducoiron.fr\/index.php?rest_route=%2Fwp%2Fv2%2Fcomments&post=553"}],"wp:featuredmedia":[{"embeddable":true,"href":"https:\/\/lesjardinsducoiron.fr\/index.php?rest_route=\/wp\/v2\/media\/745"}],"wp:attachment":[{"href":"https:\/\/lesjardinsducoiron.fr\/index.php?rest_route=%2Fwp%2Fv2%2Fmedia&parent=553"}],"wp:term":[{"taxonomy":"product_cat","embeddable":true,"href":"https:\/\/lesjardinsducoiron.fr\/index.php?rest_route=%2Fwp%2Fv2%2Fproduct_cat&post=553"},{"taxonomy":"product_tag","embeddable":true,"href":"https:\/\/lesjardinsducoiron.fr\/index.php?rest_route=%2Fwp%2Fv2%2Fproduct_tag&post=553"}],"curies":[{"name":"wp","href":"https:\/\/api.w.org\/{rel}","templated":true}]}}