{"id":572,"date":"2024-11-22T18:20:14","date_gmt":"2024-11-22T17:20:14","guid":{"rendered":"https:\/\/lesjardinsducoiron.fr\/?post_type=product&#038;p=572"},"modified":"2025-07-14T13:18:15","modified_gmt":"2025-07-14T11:18:15","slug":"baume-expectorant","status":"publish","type":"product","link":"https:\/\/lesjardinsducoiron.fr\/?product=baume-expectorant","title":{"rendered":"BAUME EXPECTORANT"},"content":{"rendered":"<p><strong>Notre baume respiratoire<\/strong> est une synergie de mac\u00e9rats huileux de plusieurs de nos plantes reconnues pour renforcer nos d\u00e9fenses naturelles.<\/p>\n<p>L&#8217;huile essentielle d\u2019<strong>eucalyptus radi\u00e9<\/strong> aide \u00e0 soulager et lib\u00e9rer les voies respiratoires, associ\u00e9e \u00e0 l&#8217;huile essentielle de <strong>pin sylvestre, <\/strong>particuli\u00e8rement efficace pour soulager les sympt\u00f4mes du rhume, de la bronchite et de la toux.<\/p>\n<ul>\n<li><strong>100 % naturel &amp; bio<\/strong><\/li>\n<li><strong>Composition coute &amp; simple<\/strong><\/li>\n<li><strong>Produit sain pour votre peau &amp; l\u2019environnement<\/strong><\/li>\n<li><strong>Emballage recyclable &amp; compostable<\/strong><\/li>\n<li><b>Cultiv\u00e9 &amp; transform\u00e9 en Ard\u00e8che<\/b><\/li>\n<\/ul>\n","protected":false},"excerpt":{"rendered":"<p>60 g pour une utilisation quotidienne de 4 mois.<\/p>\n<p><strong>Notre baume expectorant<\/strong> traite des troubles respiratoires ou antiviral.<\/p>\n<p><strong>Parfum naturel &amp; bio :<\/strong> Eucalyptus Radi\u00e9 &amp; Pin Sylvestre<\/p>\n","protected":false},"featured_media":537,"comment_status":"open","ping_status":"closed","template":"","meta":{"_monsterinsights_skip_tracking":false,"_monsterinsights_sitenote_active":false,"_monsterinsights_sitenote_note":"","_monsterinsights_sitenote_category":0},"product_cat":[21,24],"product_tag":[],"aioseo_notices":[],"_links":{"self":[{"href":"https:\/\/lesjardinsducoiron.fr\/index.php?rest_route=\/wp\/v2\/product\/572"}],"collection":[{"href":"https:\/\/lesjardinsducoiron.fr\/index.php?rest_route=\/wp\/v2\/product"}],"about":[{"href":"https:\/\/lesjardinsducoiron.fr\/index.php?rest_route=\/wp\/v2\/types\/product"}],"replies":[{"embeddable":true,"href":"https:\/\/lesjardinsducoiron.fr\/index.php?rest_route=%2Fwp%2Fv2%2Fcomments&post=572"}],"wp:featuredmedia":[{"embeddable":true,"href":"https:\/\/lesjardinsducoiron.fr\/index.php?rest_route=\/wp\/v2\/media\/537"}],"wp:attachment":[{"href":"https:\/\/lesjardinsducoiron.fr\/index.php?rest_route=%2Fwp%2Fv2%2Fmedia&parent=572"}],"wp:term":[{"taxonomy":"product_cat","embeddable":true,"href":"https:\/\/lesjardinsducoiron.fr\/index.php?rest_route=%2Fwp%2Fv2%2Fproduct_cat&post=572"},{"taxonomy":"product_tag","embeddable":true,"href":"https:\/\/lesjardinsducoiron.fr\/index.php?rest_route=%2Fwp%2Fv2%2Fproduct_tag&post=572"}],"curies":[{"name":"wp","href":"https:\/\/api.w.org\/{rel}","templated":true}]}}