{"id":750,"date":"2025-08-20T14:25:07","date_gmt":"2025-08-20T12:25:07","guid":{"rendered":"https:\/\/lesjardinsducoiron.fr\/?post_type=product&#038;p=750"},"modified":"2026-02-11T16:14:19","modified_gmt":"2026-02-11T15:14:19","slug":"gommage-au-cafe","status":"publish","type":"product","link":"https:\/\/lesjardinsducoiron.fr\/?product=gommage-au-cafe","title":{"rendered":"GOMMAGE AU CAFE"},"content":{"rendered":"<p>Notre gommage poss\u00e8de les pr\u00e9cieux principes actifs des feuilles de <strong>lierre grimpant, noisetier<\/strong> et fleurs de <strong>p\u00e2querette<\/strong> pour vous apporter un soin raffermissant puissant.<\/p>\n<p>L&#8217;exfoliant aux grains de <strong>caf\u00e9<\/strong>, aide \u00e0 <strong>stimuler la circulation sanguine<\/strong>, \u00e9galement connu pour ses <strong>propri\u00e9t\u00e9s antioxydantes<\/strong>.<\/p>\n<ul>\n<li><strong>100 % naturel &amp; bio<\/strong><\/li>\n<li><strong>Composition courte &amp; simple<\/strong><\/li>\n<li><strong>Produit sain pour votre peau &amp; l\u2019environnement<\/strong><\/li>\n<li><strong>Emballage recyclable &amp; compostable<\/strong><\/li>\n<li><strong>Cultiv\u00e9 &amp; transform\u00e9 en Ard\u00e8che<\/strong><\/li>\n<\/ul>\n","protected":false},"excerpt":{"rendered":"<p><strong>60 ml<\/strong><\/p>\n<p>&nbsp;<\/p>\n<ul data-rte-list=\"default\">\n<li>\n<p class=\"preFade fadeIn\"><strong>Exfolie<\/strong> le visage et le corps<\/p>\n<\/li>\n<li>Id\u00e9al contre la c<strong>ellulite et les jambes lourdes<\/strong><\/li>\n<li>\n<p class=\"preFade fadeIn\">Apporte de\u00a0<strong>l\u2019\u00e9clat<\/strong>\u00a0\u00e0 la peau<\/p>\n<\/li>\n<li><strong>Soin<\/strong> raffermissant<\/li>\n<\/ul>\n<p>&nbsp;<\/p>\n<p><strong>Parfum naturel &amp; bio :<\/strong> G\u00e9ranium Rosat<\/p>\n","protected":false},"featured_media":751,"comment_status":"open","ping_status":"closed","template":"","meta":{"_monsterinsights_skip_tracking":false,"_monsterinsights_sitenote_active":false,"_monsterinsights_sitenote_note":"","_monsterinsights_sitenote_category":0},"product_cat":[21,24],"product_tag":[],"aioseo_notices":[],"_links":{"self":[{"href":"https:\/\/lesjardinsducoiron.fr\/index.php?rest_route=\/wp\/v2\/product\/750"}],"collection":[{"href":"https:\/\/lesjardinsducoiron.fr\/index.php?rest_route=\/wp\/v2\/product"}],"about":[{"href":"https:\/\/lesjardinsducoiron.fr\/index.php?rest_route=\/wp\/v2\/types\/product"}],"replies":[{"embeddable":true,"href":"https:\/\/lesjardinsducoiron.fr\/index.php?rest_route=%2Fwp%2Fv2%2Fcomments&post=750"}],"wp:featuredmedia":[{"embeddable":true,"href":"https:\/\/lesjardinsducoiron.fr\/index.php?rest_route=\/wp\/v2\/media\/751"}],"wp:attachment":[{"href":"https:\/\/lesjardinsducoiron.fr\/index.php?rest_route=%2Fwp%2Fv2%2Fmedia&parent=750"}],"wp:term":[{"taxonomy":"product_cat","embeddable":true,"href":"https:\/\/lesjardinsducoiron.fr\/index.php?rest_route=%2Fwp%2Fv2%2Fproduct_cat&post=750"},{"taxonomy":"product_tag","embeddable":true,"href":"https:\/\/lesjardinsducoiron.fr\/index.php?rest_route=%2Fwp%2Fv2%2Fproduct_tag&post=750"}],"curies":[{"name":"wp","href":"https:\/\/api.w.org\/{rel}","templated":true}]}}