{"id":753,"date":"2025-08-20T16:03:54","date_gmt":"2025-08-20T14:03:54","guid":{"rendered":"https:\/\/lesjardinsducoiron.fr\/?post_type=product&#038;p=753"},"modified":"2025-12-29T19:18:45","modified_gmt":"2025-12-29T18:18:45","slug":"baume-acne","status":"publish","type":"product","link":"https:\/\/lesjardinsducoiron.fr\/?product=baume-acne","title":{"rendered":"BAUME ACNE"},"content":{"rendered":"<p>Une synergie de Romarin Officinal, Ortie Piquante, Noisetier et Nigelle de Damas choisies pour leurs propri\u00e9t\u00e9s astringentes et tonifiantes, aidant \u00e0 resserrer les pores, r\u00e9guler l&#8217;exc\u00e8s de s\u00e9bum et att\u00e9nuer les affections cutan\u00e9es tel que l&#8217;acn\u00e9.<\/p>\n<p>La pr\u00e9sence d&#8217;argile verte gr\u00e2ce \u00e0 ses propri\u00e9t\u00e9s bact\u00e9ricides, anti-inflammatoires et cicatrisantes en fait un alli\u00e9 id\u00e9al contre les imperfections de peau.<\/p>\n<ul>\n<li><strong>100 % naturel &amp; bio<\/strong><\/li>\n<li><strong>Composition courte &amp; simple<\/strong><\/li>\n<li><strong>Produit sain pour votre peau &amp; l\u2019environnement<\/strong><\/li>\n<li><strong>Emballage recyclable &amp; compostable<\/strong><\/li>\n<li><b>Cultiv\u00e9 &amp; transform\u00e9 en Ard\u00e8che<\/b><\/li>\n<\/ul>\n","protected":false},"excerpt":{"rendered":"<p><strong>60 ml<\/strong><\/p>\n<p>Une solution efficace pour r\u00e9guler le s\u00e9bum et soigner les peaux \u00e0 imperfections.<\/p>\n<p>Des plantes soigneusement choisies pour leurs propri\u00e9t\u00e9s anti-inflammatoires, est capable de soulager les inflammations cutan\u00e9es provoqu\u00e9es par<b> l&#8217;acn\u00e9.\u00a0<\/b><\/p>\n<p><strong>Parfum naturel &amp; bio :<\/strong> Tea Tree &amp; Menthe Poivr\u00e9e<\/p>\n","protected":false},"featured_media":754,"comment_status":"open","ping_status":"closed","template":"","meta":{"_monsterinsights_skip_tracking":false,"_monsterinsights_sitenote_active":false,"_monsterinsights_sitenote_note":"","_monsterinsights_sitenote_category":0},"product_cat":[23,24],"product_tag":[],"aioseo_notices":[],"_links":{"self":[{"href":"https:\/\/lesjardinsducoiron.fr\/index.php?rest_route=\/wp\/v2\/product\/753"}],"collection":[{"href":"https:\/\/lesjardinsducoiron.fr\/index.php?rest_route=\/wp\/v2\/product"}],"about":[{"href":"https:\/\/lesjardinsducoiron.fr\/index.php?rest_route=\/wp\/v2\/types\/product"}],"replies":[{"embeddable":true,"href":"https:\/\/lesjardinsducoiron.fr\/index.php?rest_route=%2Fwp%2Fv2%2Fcomments&post=753"}],"wp:featuredmedia":[{"embeddable":true,"href":"https:\/\/lesjardinsducoiron.fr\/index.php?rest_route=\/wp\/v2\/media\/754"}],"wp:attachment":[{"href":"https:\/\/lesjardinsducoiron.fr\/index.php?rest_route=%2Fwp%2Fv2%2Fmedia&parent=753"}],"wp:term":[{"taxonomy":"product_cat","embeddable":true,"href":"https:\/\/lesjardinsducoiron.fr\/index.php?rest_route=%2Fwp%2Fv2%2Fproduct_cat&post=753"},{"taxonomy":"product_tag","embeddable":true,"href":"https:\/\/lesjardinsducoiron.fr\/index.php?rest_route=%2Fwp%2Fv2%2Fproduct_tag&post=753"}],"curies":[{"name":"wp","href":"https:\/\/api.w.org\/{rel}","templated":true}]}}